{"id":7132,"date":"2023-12-20T18:04:15","date_gmt":"2023-12-20T17:04:15","guid":{"rendered":"https:\/\/fair-wine.com\/fair-wine-consulting\/consulting-offers-fair-wine-consulting\/"},"modified":"2024-10-07T17:23:35","modified_gmt":"2024-10-07T15:23:35","slug":"consulting-offers-fair-wine-consulting","status":"publish","type":"page","link":"https:\/\/fair-wine.com\/en\/fair-wine-consulting\/consulting-offers-fair-wine-consulting\/","title":{"rendered":"Fair Wine Consulting"},"content":{"rendered":"<div class=\"gb-container gb-container-62fe93d2\">\n<div class=\"gb-container gb-container-9c0f2cb3\" id=\"Erzeuger\">\n<div class=\"gb-container gb-container-96d77881\">\n\n<h2 class=\"gb-headline gb-headline-ed718916 gb-headline-text\">Producer<\/h2>\n\n\n<div class=\"wp-block-image tw-mt-3\">\n<figure class=\"aligncenter size-full is-resized\"><img decoding=\"async\" src=\"https:\/\/fair-wine.com\/wp-content\/uploads\/FairWineAcademy-Kategorie-Erzeuger.svg\" alt=\"Fair Wine Consulting Category Producer\" class=\"wp-image-5842\" style=\"width:120px;height:undefinedpx\"\/><\/figure>\n<\/div>\n<\/div>\n\n<div class=\"gb-container gb-container-8af7a4b7\">\n\n<div class=\"gb-grid-wrapper gb-grid-wrapper-7468c53a gb-query-loop-wrapper\">\n<div class=\"gb-grid-column gb-grid-column-e5c085e9 gb-query-loop-item post-6692 beratungsangebote type-beratungsangebote status-publish has-post-thumbnail hentry beratungskategorien-erzeuger\"><div class=\"gb-container gb-container-e5c085e9\">\n<div class=\"gb-container gb-container-e8e87e82\">\n<div class=\"gb-container gb-container-86a186b4\">\n<figure class=\"gb-block-image gb-block-image-c4f42f21\"><a href=\"https:\/\/fair-wine.com\/en\/beratungsangebote\/weinerzeuger-coaching\/\"><img loading=\"lazy\" decoding=\"async\" width=\"300\" height=\"300\" src=\"https:\/\/fair-wine.com\/wp-content\/uploads\/Seminar-Weinerzeuger-Coaching-1-300x300.jpg\" class=\"gb-image-c4f42f21\" alt=\"Seminar Weinerzeuger Coaching\" srcset=\"https:\/\/fair-wine.com\/wp-content\/uploads\/Seminar-Weinerzeuger-Coaching-1-300x300.jpg 300w, https:\/\/fair-wine.com\/wp-content\/uploads\/Seminar-Weinerzeuger-Coaching-1-60x60.jpg 60w, https:\/\/fair-wine.com\/wp-content\/uploads\/Seminar-Weinerzeuger-Coaching-1-120x120.jpg 120w\" sizes=\"auto, (max-width: 300px) 100vw, 300px\" \/><\/a><\/figure>\n<\/div>\n\n<div class=\"gb-container gb-container-c96e02f8\">\n<h3 class=\"gb-headline gb-headline-b6a0fc81 gb-headline-text\"><a href=\"https:\/\/fair-wine.com\/en\/beratungsangebote\/weinerzeuger-coaching\/\">Weinerzeuger Coaching<\/a><\/h3>\n\n<div class=\"gb-headline gb-headline-0e6bfb57 gb-headline-text\">Der Blick von Au\u00dfen &#8211; gepaart mit meinem professionellen, unabh\u00e4ngigen und analytischen Blick &#8211; wird Sie und Ihre Mitarbeiter bef\u00e4higen, Ihre Weine so darzustellen, dass deren Stilistik verstanden wird und bei Ihren Kunden \u00fcberzeugt.<\/div>\n<\/div>\n<\/div>\n<\/div><\/div>\n\n<div class=\"gb-grid-column gb-grid-column-e5c085e9 gb-query-loop-item post-6765 beratungsangebote type-beratungsangebote status-publish has-post-thumbnail hentry beratungskategorien-erzeuger\"><div class=\"gb-container gb-container-e5c085e9\">\n<div class=\"gb-container gb-container-e8e87e82\">\n<div class=\"gb-container gb-container-86a186b4\">\n<figure class=\"gb-block-image gb-block-image-c4f42f21\"><a href=\"https:\/\/fair-wine.com\/en\/beratungsangebote\/entwicklung-einer-wertschaetzenden-feedback-kultur\/\"><img loading=\"lazy\" decoding=\"async\" width=\"300\" height=\"297\" src=\"https:\/\/fair-wine.com\/wp-content\/uploads\/Feedback-Kultur-300x297.jpg\" class=\"gb-image-c4f42f21\" alt=\"Feedback-Kultur\" srcset=\"https:\/\/fair-wine.com\/wp-content\/uploads\/Feedback-Kultur-300x297.jpg 300w, https:\/\/fair-wine.com\/wp-content\/uploads\/Feedback-Kultur-60x60.jpg 60w, https:\/\/fair-wine.com\/wp-content\/uploads\/Feedback-Kultur-120x120.jpg 120w\" sizes=\"auto, (max-width: 300px) 100vw, 300px\" \/><\/a><\/figure>\n<\/div>\n\n<div class=\"gb-container gb-container-c96e02f8\">\n<h3 class=\"gb-headline gb-headline-b6a0fc81 gb-headline-text\"><a href=\"https:\/\/fair-wine.com\/en\/beratungsangebote\/entwicklung-einer-wertschaetzenden-feedback-kultur\/\">Entwicklung einer wertsch\u00e4tzenden Feedback-Kultur<\/a><\/h3>\n\n<div class=\"gb-headline gb-headline-0e6bfb57 gb-headline-text\">&#8220;Feedbacken&#8221; Sie schon mit Spa\u00df oder reicht Ihnen das Ergebnis aus dem Halb- oder Jahresgespr\u00e4ch?<\/div>\n<\/div>\n<\/div>\n<\/div><\/div>\n\n<div class=\"gb-grid-column gb-grid-column-e5c085e9 gb-query-loop-item post-6783 beratungsangebote type-beratungsangebote status-publish has-post-thumbnail hentry beratungskategorien-erzeuger\"><div class=\"gb-container gb-container-e5c085e9\">\n<div class=\"gb-container gb-container-e8e87e82\">\n<div class=\"gb-container gb-container-86a186b4\">\n<figure class=\"gb-block-image gb-block-image-c4f42f21\"><a href=\"https:\/\/fair-wine.com\/en\/beratungsangebote\/beratung-fuer-ihre-herausforderungen-im-online-business-mit-wordpress-und-online-shops\/\"><img loading=\"lazy\" decoding=\"async\" width=\"300\" height=\"300\" src=\"https:\/\/fair-wine.com\/wp-content\/uploads\/Beratung-im-Online-Business-300x300.jpg\" class=\"gb-image-c4f42f21\" alt=\"Beratung im Online-Business\" srcset=\"https:\/\/fair-wine.com\/wp-content\/uploads\/Beratung-im-Online-Business-300x300.jpg 300w, https:\/\/fair-wine.com\/wp-content\/uploads\/Beratung-im-Online-Business-60x60.jpg 60w, https:\/\/fair-wine.com\/wp-content\/uploads\/Beratung-im-Online-Business-120x120.jpg 120w\" sizes=\"auto, (max-width: 300px) 100vw, 300px\" \/><\/a><\/figure>\n<\/div>\n\n<div class=\"gb-container gb-container-c96e02f8\">\n<h3 class=\"gb-headline gb-headline-b6a0fc81 gb-headline-text\"><a href=\"https:\/\/fair-wine.com\/en\/beratungsangebote\/beratung-fuer-ihre-herausforderungen-im-online-business-mit-wordpress-und-online-shops\/\">Beratung f\u00fcr Ihre Herausforderungen im Online-Business mit WordPress und Online-Shops!<\/a><\/h3>\n\n<div class=\"gb-headline gb-headline-0e6bfb57 gb-headline-text\">Ihr digitaler Auftritt ist entscheidend f\u00fcr den Erfolg Ihres Unternehmens. Mit gezielter Beratung m\u00f6chte ich Ihnen helfen, das volle Potenzial Ihrer WordPress Website oder Ihres Online-Shops auszusch\u00f6pfen.<\/div>\n<\/div>\n<\/div>\n<\/div><\/div>\n\n<div class=\"gb-grid-column gb-grid-column-e5c085e9 gb-query-loop-item post-6788 beratungsangebote type-beratungsangebote status-publish has-post-thumbnail hentry beratungskategorien-erzeuger beratungskategorien-handel\"><div class=\"gb-container gb-container-e5c085e9\">\n<div class=\"gb-container gb-container-e8e87e82\">\n<div class=\"gb-container gb-container-86a186b4\">\n<figure class=\"gb-block-image gb-block-image-c4f42f21\"><a href=\"https:\/\/fair-wine.com\/en\/beratungsangebote\/erweitern-sie-ihr-umsatzpotenzial-mit-einem-massgeschneiderten-online-shop\/\"><img loading=\"lazy\" decoding=\"async\" width=\"300\" height=\"300\" src=\"https:\/\/fair-wine.com\/wp-content\/uploads\/Beratung-Online-Shop-300x300.jpg\" class=\"gb-image-c4f42f21\" alt=\"Beratung Online-Shop\" srcset=\"https:\/\/fair-wine.com\/wp-content\/uploads\/Beratung-Online-Shop-300x300.jpg 300w, https:\/\/fair-wine.com\/wp-content\/uploads\/Beratung-Online-Shop-60x60.jpg 60w, https:\/\/fair-wine.com\/wp-content\/uploads\/Beratung-Online-Shop-120x120.jpg 120w\" sizes=\"auto, (max-width: 300px) 100vw, 300px\" \/><\/a><\/figure>\n<\/div>\n\n<div class=\"gb-container gb-container-c96e02f8\">\n<h3 class=\"gb-headline gb-headline-b6a0fc81 gb-headline-text\"><a href=\"https:\/\/fair-wine.com\/en\/beratungsangebote\/erweitern-sie-ihr-umsatzpotenzial-mit-einem-massgeschneiderten-online-shop\/\">Erweitern Sie Ihr Umsatzpotenzial mit einem ma\u00dfgeschneiderten Online-Shop!<\/a><\/h3>\n\n<div class=\"gb-headline gb-headline-0e6bfb57 gb-headline-text\">Haben Sie bereits Ihr Umsatzpotenzial maximiert, indem Sie zus\u00e4tzliche Verkaufskan\u00e4le erschlossen haben, um automatisiert und langfristig mehr Kunden anzusprechen und Ihre Ums\u00e4tze nachhaltig zu steigern?<\/div>\n<\/div>\n<\/div>\n<\/div><\/div>\n\n<div class=\"gb-grid-column gb-grid-column-e5c085e9 gb-query-loop-item post-6792 beratungsangebote type-beratungsangebote status-publish has-post-thumbnail hentry beratungskategorien-erzeuger beratungskategorien-gastronomie beratungskategorien-handel\"><div class=\"gb-container gb-container-e5c085e9\">\n<div class=\"gb-container gb-container-e8e87e82\">\n<div class=\"gb-container gb-container-86a186b4\">\n<figure class=\"gb-block-image gb-block-image-c4f42f21\"><a href=\"https:\/\/fair-wine.com\/en\/beratungsangebote\/umsatzwachstum-durch-newsletter-marketing\/\"><img loading=\"lazy\" decoding=\"async\" width=\"300\" height=\"300\" src=\"https:\/\/fair-wine.com\/wp-content\/uploads\/Beratung-Newsletter-300x300.jpg\" class=\"gb-image-c4f42f21\" alt=\"Beratung Newsletter\" srcset=\"https:\/\/fair-wine.com\/wp-content\/uploads\/Beratung-Newsletter-300x300.jpg 300w, https:\/\/fair-wine.com\/wp-content\/uploads\/Beratung-Newsletter-60x60.jpg 60w, https:\/\/fair-wine.com\/wp-content\/uploads\/Beratung-Newsletter-120x120.jpg 120w\" sizes=\"auto, (max-width: 300px) 100vw, 300px\" \/><\/a><\/figure>\n<\/div>\n\n<div class=\"gb-container gb-container-c96e02f8\">\n<h3 class=\"gb-headline gb-headline-b6a0fc81 gb-headline-text\"><a href=\"https:\/\/fair-wine.com\/en\/beratungsangebote\/umsatzwachstum-durch-newsletter-marketing\/\">Umsatzwachstum durch Newsletter-Marketing<\/a><\/h3>\n\n<div class=\"gb-headline gb-headline-0e6bfb57 gb-headline-text\"> Durch ma\u00dfgeschneiderte E-Mail-Kampagnen k\u00f6nnen Sie nicht nur Ihre Kundenbindung st\u00e4rken, sondern auch langfristig die Ums\u00e4tze steigern.<\/div>\n<\/div>\n<\/div>\n<\/div><\/div>\n<\/div>\n\n<\/div>\n<\/div>\n\n<div class=\"gb-container gb-container-b9fe0ece\" id=\"Handel\">\n<div class=\"gb-container gb-container-79c649fd\">\n\n<h2 class=\"gb-headline gb-headline-fd586d5b gb-headline-text\">Trade<\/h2>\n\n\n<div class=\"wp-block-image tw-mt-3\">\n<figure class=\"aligncenter size-full is-resized\"><img decoding=\"async\" src=\"https:\/\/fair-wine.com\/wp-content\/uploads\/FairWineAcademy-Kategorie-Handel.svg\" alt=\"Fair Wine Consulting Category Trade\" class=\"wp-image-5848\" style=\"width:120px;height:undefinedpx\"\/><\/figure>\n<\/div>\n<\/div>\n\n<div class=\"gb-container gb-container-89c9f04f\">\n\n<div class=\"gb-grid-wrapper gb-grid-wrapper-622548b5 gb-query-loop-wrapper\">\n<div class=\"gb-grid-column gb-grid-column-6235e6e0 gb-query-loop-item post-6788 beratungsangebote type-beratungsangebote status-publish has-post-thumbnail hentry beratungskategorien-erzeuger beratungskategorien-handel\"><div class=\"gb-container gb-container-6235e6e0\">\n<div class=\"gb-container gb-container-2b8dd0af\">\n<div class=\"gb-container gb-container-747148c9\">\n<figure class=\"gb-block-image gb-block-image-de193888\"><a href=\"https:\/\/fair-wine.com\/en\/beratungsangebote\/erweitern-sie-ihr-umsatzpotenzial-mit-einem-massgeschneiderten-online-shop\/\"><img loading=\"lazy\" decoding=\"async\" width=\"300\" height=\"300\" src=\"https:\/\/fair-wine.com\/wp-content\/uploads\/Beratung-Online-Shop-300x300.jpg\" class=\"gb-image-de193888\" alt=\"Beratung Online-Shop\" srcset=\"https:\/\/fair-wine.com\/wp-content\/uploads\/Beratung-Online-Shop-300x300.jpg 300w, https:\/\/fair-wine.com\/wp-content\/uploads\/Beratung-Online-Shop-60x60.jpg 60w, https:\/\/fair-wine.com\/wp-content\/uploads\/Beratung-Online-Shop-120x120.jpg 120w\" sizes=\"auto, (max-width: 300px) 100vw, 300px\" \/><\/a><\/figure>\n<\/div>\n\n<div class=\"gb-container gb-container-9dd0010b\">\n<h3 class=\"gb-headline gb-headline-9651542c gb-headline-text\"><a href=\"https:\/\/fair-wine.com\/en\/beratungsangebote\/erweitern-sie-ihr-umsatzpotenzial-mit-einem-massgeschneiderten-online-shop\/\">Erweitern Sie Ihr Umsatzpotenzial mit einem ma\u00dfgeschneiderten Online-Shop!<\/a><\/h3>\n\n<div class=\"gb-headline gb-headline-8337e29d gb-headline-text\">Haben Sie bereits Ihr Umsatzpotenzial maximiert, indem Sie zus\u00e4tzliche Verkaufskan\u00e4le erschlossen haben, um automatisiert und langfristig mehr Kunden anzusprechen und Ihre Ums\u00e4tze nachhaltig zu steigern?<\/div>\n<\/div>\n<\/div>\n<\/div><\/div>\n\n<div class=\"gb-grid-column gb-grid-column-6235e6e0 gb-query-loop-item post-6792 beratungsangebote type-beratungsangebote status-publish has-post-thumbnail hentry beratungskategorien-erzeuger beratungskategorien-gastronomie beratungskategorien-handel\"><div class=\"gb-container gb-container-6235e6e0\">\n<div class=\"gb-container gb-container-2b8dd0af\">\n<div class=\"gb-container gb-container-747148c9\">\n<figure class=\"gb-block-image gb-block-image-de193888\"><a href=\"https:\/\/fair-wine.com\/en\/beratungsangebote\/umsatzwachstum-durch-newsletter-marketing\/\"><img loading=\"lazy\" decoding=\"async\" width=\"300\" height=\"300\" src=\"https:\/\/fair-wine.com\/wp-content\/uploads\/Beratung-Newsletter-300x300.jpg\" class=\"gb-image-de193888\" alt=\"Beratung Newsletter\" srcset=\"https:\/\/fair-wine.com\/wp-content\/uploads\/Beratung-Newsletter-300x300.jpg 300w, https:\/\/fair-wine.com\/wp-content\/uploads\/Beratung-Newsletter-60x60.jpg 60w, https:\/\/fair-wine.com\/wp-content\/uploads\/Beratung-Newsletter-120x120.jpg 120w\" sizes=\"auto, (max-width: 300px) 100vw, 300px\" \/><\/a><\/figure>\n<\/div>\n\n<div class=\"gb-container gb-container-9dd0010b\">\n<h3 class=\"gb-headline gb-headline-9651542c gb-headline-text\"><a href=\"https:\/\/fair-wine.com\/en\/beratungsangebote\/umsatzwachstum-durch-newsletter-marketing\/\">Umsatzwachstum durch Newsletter-Marketing<\/a><\/h3>\n\n<div class=\"gb-headline gb-headline-8337e29d gb-headline-text\"> Durch ma\u00dfgeschneiderte E-Mail-Kampagnen k\u00f6nnen Sie nicht nur Ihre Kundenbindung st\u00e4rken, sondern auch langfristig die Ums\u00e4tze steigern.<\/div>\n<\/div>\n<\/div>\n<\/div><\/div>\n<\/div>\n\n<\/div>\n<\/div>\n\n<div class=\"gb-container gb-container-69fccb73\" id=\"Gastronomie\">\n<div class=\"gb-container gb-container-69b0b1a1\">\n\n<h2 class=\"gb-headline gb-headline-345a43c1 gb-headline-text\">Gastronomy<\/h2>\n\n\n<div class=\"wp-block-image tw-mt-3\">\n<figure class=\"aligncenter size-full is-resized\"><img decoding=\"async\" src=\"https:\/\/fair-wine.com\/wp-content\/uploads\/FairWineAcademy-Kategorie-Gastronomie.svg\" alt=\"Fair Wine Consulting Category Gastronomy\" class=\"wp-image-5844\" style=\"width:120px;height:undefinedpx\"\/><\/figure>\n<\/div>\n<\/div>\n\n<div class=\"gb-container gb-container-ee0c48a8\">\n\n<div class=\"gb-grid-wrapper gb-grid-wrapper-cd9e4f9c gb-query-loop-wrapper\">\n<div class=\"gb-grid-column gb-grid-column-c3fd5559 gb-query-loop-item post-6792 beratungsangebote type-beratungsangebote status-publish has-post-thumbnail hentry beratungskategorien-erzeuger beratungskategorien-gastronomie beratungskategorien-handel\"><div class=\"gb-container gb-container-c3fd5559\">\n<div class=\"gb-container gb-container-1249df90\">\n<div class=\"gb-container gb-container-658708aa\">\n<figure class=\"gb-block-image gb-block-image-7090b6dc\"><a href=\"https:\/\/fair-wine.com\/en\/beratungsangebote\/umsatzwachstum-durch-newsletter-marketing\/\"><img loading=\"lazy\" decoding=\"async\" width=\"300\" height=\"300\" src=\"https:\/\/fair-wine.com\/wp-content\/uploads\/Beratung-Newsletter-300x300.jpg\" class=\"gb-image-7090b6dc\" alt=\"Beratung Newsletter\" srcset=\"https:\/\/fair-wine.com\/wp-content\/uploads\/Beratung-Newsletter-300x300.jpg 300w, https:\/\/fair-wine.com\/wp-content\/uploads\/Beratung-Newsletter-60x60.jpg 60w, https:\/\/fair-wine.com\/wp-content\/uploads\/Beratung-Newsletter-120x120.jpg 120w\" sizes=\"auto, (max-width: 300px) 100vw, 300px\" \/><\/a><\/figure>\n<\/div>\n\n<div class=\"gb-container gb-container-70da0a3a\">\n<h3 class=\"gb-headline gb-headline-0a7f2439 gb-headline-text\"><a href=\"https:\/\/fair-wine.com\/en\/beratungsangebote\/umsatzwachstum-durch-newsletter-marketing\/\">Umsatzwachstum durch Newsletter-Marketing<\/a><\/h3>\n\n<div class=\"gb-headline gb-headline-05c0b02b gb-headline-text\"> Durch ma\u00dfgeschneiderte E-Mail-Kampagnen k\u00f6nnen Sie nicht nur Ihre Kundenbindung st\u00e4rken, sondern auch langfristig die Ums\u00e4tze steigern.<\/div>\n<\/div>\n<\/div>\n<\/div><\/div>\n\n<div class=\"gb-grid-column gb-grid-column-c3fd5559 gb-query-loop-item post-6799 beratungsangebote type-beratungsangebote status-publish has-post-thumbnail hentry beratungskategorien-gastronomie\"><div class=\"gb-container gb-container-c3fd5559\">\n<div class=\"gb-container gb-container-1249df90\">\n<div class=\"gb-container gb-container-658708aa\">\n<figure class=\"gb-block-image gb-block-image-7090b6dc\"><a href=\"https:\/\/fair-wine.com\/en\/beratungsangebote\/heben-sie-sich-mit-individuellem-webdesign-von-der-masse-ab-und-beeindrucken-sie-ihre-besucher\/\"><img loading=\"lazy\" decoding=\"async\" width=\"300\" height=\"300\" src=\"https:\/\/fair-wine.com\/wp-content\/uploads\/Beratung-Gastronomie-300x300.jpg\" class=\"gb-image-7090b6dc\" alt=\"Beratung Gastronomie\" srcset=\"https:\/\/fair-wine.com\/wp-content\/uploads\/Beratung-Gastronomie-300x300.jpg 300w, https:\/\/fair-wine.com\/wp-content\/uploads\/Beratung-Gastronomie-60x60.jpg 60w, https:\/\/fair-wine.com\/wp-content\/uploads\/Beratung-Gastronomie-120x120.jpg 120w\" sizes=\"auto, (max-width: 300px) 100vw, 300px\" \/><\/a><\/figure>\n<\/div>\n\n<div class=\"gb-container gb-container-70da0a3a\">\n<h3 class=\"gb-headline gb-headline-0a7f2439 gb-headline-text\"><a href=\"https:\/\/fair-wine.com\/en\/beratungsangebote\/heben-sie-sich-mit-individuellem-webdesign-von-der-masse-ab-und-beeindrucken-sie-ihre-besucher\/\">Heben Sie sich mit individuellem Webdesign von der Masse ab und beeindrucken Sie Ihre Besucher!<\/a><\/h3>\n\n\n<\/div>\n<\/div>\n<\/div><\/div>\n<\/div>\n\n<\/div>\n<\/div>\n<\/div>","protected":false},"excerpt":{"rendered":"<p>Producer Trade Gastronomy<\/p>\n","protected":false},"author":1,"featured_media":1550,"parent":1643,"menu_order":1,"comment_status":"closed","ping_status":"closed","template":"","meta":{"_acf_changed":false,"footnotes":""},"class_list":{"0":"post-7132","1":"page","2":"type-page","3":"status-publish","4":"has-post-thumbnail","6":"infinite-scroll-item","7":"no-featured-image-padding","8":"resize-featured-image"},"acf":[],"_links":{"self":[{"href":"https:\/\/fair-wine.com\/en\/wp-json\/wp\/v2\/pages\/7132","targetHints":{"allow":["GET"]}}],"collection":[{"href":"https:\/\/fair-wine.com\/en\/wp-json\/wp\/v2\/pages"}],"about":[{"href":"https:\/\/fair-wine.com\/en\/wp-json\/wp\/v2\/types\/page"}],"author":[{"embeddable":true,"href":"https:\/\/fair-wine.com\/en\/wp-json\/wp\/v2\/users\/1"}],"replies":[{"embeddable":true,"href":"https:\/\/fair-wine.com\/en\/wp-json\/wp\/v2\/comments?post=7132"}],"version-history":[{"count":2,"href":"https:\/\/fair-wine.com\/en\/wp-json\/wp\/v2\/pages\/7132\/revisions"}],"predecessor-version":[{"id":7732,"href":"https:\/\/fair-wine.com\/en\/wp-json\/wp\/v2\/pages\/7132\/revisions\/7732"}],"up":[{"embeddable":true,"href":"https:\/\/fair-wine.com\/en\/wp-json\/wp\/v2\/pages\/1643"}],"wp:featuredmedia":[{"embeddable":true,"href":"https:\/\/fair-wine.com\/en\/wp-json\/wp\/v2\/media\/1550"}],"wp:attachment":[{"href":"https:\/\/fair-wine.com\/en\/wp-json\/wp\/v2\/media?parent=7132"}],"curies":[{"name":"wp","href":"https:\/\/api.w.org\/{rel}","templated":true}]}}