{"id":1657,"date":"2022-10-21T13:33:39","date_gmt":"2022-10-21T11:33:39","guid":{"rendered":"https:\/\/fair-wine.com\/site-notice\/"},"modified":"2026-01-09T17:35:10","modified_gmt":"2026-01-09T16:35:10","slug":"site-notice","status":"publish","type":"page","link":"https:\/\/fair-wine.com\/en\/site-notice\/","title":{"rendered":"Site Notice"},"content":{"rendered":"\n<div style=\"height:100px\" aria-hidden=\"true\" class=\"wp-block-spacer erecht24\"><\/div>\n\n\n\n<h2 class=\"wp-block-heading\">Site Notice<\/h2>\n\n\n\n<p><strong>Fair-Wine-Award<\/strong><br>responsible person:<br>Dr. Hermann Pilz<br>Jahnstra\u00dfe 22<br>76833 Kn\u00f6ringen i. d. Pfalz<br>Telefon: +49 (0)6341-9951222<\/p>\n\n\n\n<p><strong>Delivery address for the wines participating in the award:<\/strong><br>Fair-Wine-Award<br>c\/o Dr. Hermann Pilz<br>Jahnstra\u00dfe 22<br>76833 Kn\u00f6ringen i. d. Pfalz<\/p>\n\n\n\n<div style=\"height:9px\" aria-hidden=\"true\" class=\"wp-block-spacer\"><\/div>\n\n\n\n<p>kupino Gesellschaft mbH<br>Heideweg 7<br>34131 Kassel-Bad Wilhelmsh\u00f6he<\/p>\n\n\n\n<p>Commercial Register: 19192<br>Registration court: Kassel<\/p>\n\n\n\n<p><strong>Represented by:<\/strong><br>Corina Lesny-Kugel<br><\/p>\n\n\n\n<h3 class=\"wp-block-heading\">Contact<\/h3>\n\n\n\n<p>Phone: +49 (0)561-316 909 32<br>E-mail: welcome@fair-wine.com<br><\/p>\n\n\n\n<h3 class=\"wp-block-heading\">Person responsible for editorial<\/h3>\n\n\n\n<p>Corina Lesny-Kugel<br>Heideweg 7<br>34131 Kassel-Bad Wilhelmsh\u00f6he<br><\/p>\n\n\n\n<h3 class=\"wp-block-heading\">Dispute resolution proceedings in front of a consumer arbitration board<\/h3>\n\n\n\n<p>We are not willing or obliged to participate in dispute resolution proceedings in front of a consumer arbitration board.<br><\/p>\n\n\n\n<h3 class=\"wp-block-heading\">Webdesign<\/h3>\n\n\n\n<p><a href=\"https:\/\/www.datenfalke.de\/\" target=\"_blank\" rel=\"noopener\">Datenfalke<\/a><\/p>\n","protected":false},"excerpt":{"rendered":"<p>Site Notice Fair-Wine-Awardresponsible person:Dr. Hermann PilzJahnstra\u00dfe 2276833 Kn\u00f6ringen i. d. PfalzTelefon: +49 (0)6341-9951222 Delivery address for the wines participating in the award:Fair-Wine-Awardc\/o Dr. Hermann PilzJahnstra\u00dfe 2276833 Kn\u00f6ringen i. d. Pfalz kupino Gesellschaft mbHHeideweg 734131 Kassel-Bad Wilhelmsh\u00f6he Commercial Register: 19192Registration court: Kassel Represented by:Corina Lesny-Kugel Contact Phone: +49 (0)561-316 909 32E-mail: welcome@fair-wine.com Person responsible for editorial &#8230; <a title=\"Site Notice\" class=\"read-more\" href=\"https:\/\/fair-wine.com\/en\/site-notice\/\" aria-label=\"Read more about Site Notice\">Read more<\/a><\/p>\n","protected":false},"author":1,"featured_media":0,"parent":0,"menu_order":21,"comment_status":"closed","ping_status":"closed","template":"","meta":{"_acf_changed":false,"footnotes":""},"class_list":{"0":"post-1657","1":"page","2":"type-page","3":"status-publish","5":"infinite-scroll-item","6":"no-featured-image-padding"},"acf":[],"_links":{"self":[{"href":"https:\/\/fair-wine.com\/en\/wp-json\/wp\/v2\/pages\/1657","targetHints":{"allow":["GET"]}}],"collection":[{"href":"https:\/\/fair-wine.com\/en\/wp-json\/wp\/v2\/pages"}],"about":[{"href":"https:\/\/fair-wine.com\/en\/wp-json\/wp\/v2\/types\/page"}],"author":[{"embeddable":true,"href":"https:\/\/fair-wine.com\/en\/wp-json\/wp\/v2\/users\/1"}],"replies":[{"embeddable":true,"href":"https:\/\/fair-wine.com\/en\/wp-json\/wp\/v2\/comments?post=1657"}],"version-history":[{"count":2,"href":"https:\/\/fair-wine.com\/en\/wp-json\/wp\/v2\/pages\/1657\/revisions"}],"predecessor-version":[{"id":8606,"href":"https:\/\/fair-wine.com\/en\/wp-json\/wp\/v2\/pages\/1657\/revisions\/8606"}],"wp:attachment":[{"href":"https:\/\/fair-wine.com\/en\/wp-json\/wp\/v2\/media?parent=1657"}],"curies":[{"name":"wp","href":"https:\/\/api.w.org\/{rel}","templated":true}]}}